{"id":1102,"date":"2024-03-06T15:17:46","date_gmt":"2024-03-06T15:17:46","guid":{"rendered":"https:\/\/ben-et-nad.com\/folgen-sie\/erfahrungen-2-tage\/"},"modified":"2024-03-20T14:03:28","modified_gmt":"2024-03-20T14:03:28","slug":"erfahrungen-2-tage","status":"publish","type":"page","link":"https:\/\/ben-et-nad.com\/de\/folgen-sie\/erfahrungen-2-tage\/","title":{"rendered":"Erfahrungen 2 Tage"},"content":{"rendered":"\n<div class=\"wp-block-stackable-heading stk-block-heading stk-block-heading--v2 stk-block stk-1e6724c stk-entrance\" id=\"decouverte-du-bocage-vendeen\" data-block-id=\"1e6724c\"><style>.stk-1e6724c .stk-block-heading__text{font-family:\"Bowlby One SC\",Sans-serif !important}.stk-1e6724c{--entrance-transform:translateX(-200px) !important}<\/style><h2 class=\"stk-block-heading__text\">Entdeckung der Bocage Vend\u00e9en<\/h2><\/div>\n\n\n\n<div class=\"wp-block-stackable-text stk-block-text stk-block stk-6c0c7bc\" data-block-id=\"6c0c7bc\"><p class=\"stk-block-text__text\"><em>Dauer: 2 Tage<\/em><\/p><\/div>\n\n\n\n<div class=\"wp-block-columns alignwide are-vertically-aligned-center is-layout-flex wp-container-core-columns-is-layout-045a8a23 wp-block-columns-is-layout-flex\" style=\"margin-bottom:var(--wp--preset--spacing--40);padding-top:var(--wp--preset--spacing--40);padding-bottom:var(--wp--preset--spacing--40)\" data-block-type=\"core\">\n<div class=\"wp-block-column is-vertically-aligned-center is-layout-flow wp-block-column-is-layout-flow\" style=\"flex-basis:33.38%\" data-block-type=\"core\">\n<p data-block-type=\"core\">Wir laden Sie ein, bei diesem Erlebnis die <strong>bezaubernde Bocage Vend\u00e9en<\/strong> zu erkunden. Wenn Sie auf der Suche nach ausgetretenen Pfaden sind und ungew\u00f6hnliche Orte entdecken m\u00f6chten, ist dieses Abenteuer genau das Richtige f\u00fcr Sie. Sind Sie hungrig nach neuen Erfahrungen? Dann lassen Sie sich f\u00fchren!<\/p>\n\n\n\n<p data-block-type=\"core\">Wenn Sie \u00fcber das Wochenende in unseren G\u00e4stezimmern oder in der Unterkunft Ben &amp; Nad zu Besuch sind, dann folgen Sie uns!<br><br>Unsere G\u00e4stezimmer und unser Ferienhaus Ben &amp; Nad befinden sich in Saint Aubin des Ormeaux in der Vend\u00e9e und bieten Ihnen die M\u00f6glichkeit, bei dieser einzigartigen Erfahrung die Umgebung zu erkunden.<\/p>\n\n\n\n<p data-block-type=\"core\">Sind Sie bereit, einen Blick zu riskieren?<\/p>\n<\/div>\n\n\n\n<div class=\"wp-block-column is-vertically-aligned-center is-layout-flow wp-block-column-is-layout-flow\" style=\"flex-basis:33%\" data-block-type=\"core\">\n<div style=\"height:2vw\" aria-hidden=\"true\" class=\"wp-block-spacer\" data-block-type=\"core\"><\/div>\n\n\n\n<div class=\"wp-block-stackable-image stk-block-image has-text-align-left stk-block stk-b55591f stk-entrance\" data-block-id=\"b55591f\"><style>.stk-b55591f{border-top-left-radius:0px !important;border-top-right-radius:0px !important;border-bottom-right-radius:0px !important;border-bottom-left-radius:0px !important;overflow:hidden !important;box-shadow:15px 25px 58px 0px rgba(0,0,0,0.5) !important;--entrance-transform:translateX(200px) !important}.stk-b55591f .stk-img-wrapper{width:100% !important;height:500px !important}.stk-b55591f .stk-img-wrapper img{border-radius:0px !important;object-position:27% 54% !important}<\/style><figure><span class=\"stk-img-wrapper stk-image--shape-stretch\"><img loading=\"lazy\" decoding=\"async\" class=\"stk-img wp-image-469\" src=\"https:\/\/ben-et-nad.com\/wp-content\/uploads\/2024\/03\/ValleedePoupet_StMaloduBois_9-1.jpg\" width=\"1000\" height=\"667\" alt=\"Ferienwohnung Ben und nad in der Vend\u00e9e in der N\u00e4he von Puy du Fou\" srcset=\"https:\/\/ben-et-nad.com\/wp-content\/uploads\/2024\/03\/ValleedePoupet_StMaloduBois_9-1.jpg 1000w, https:\/\/ben-et-nad.com\/wp-content\/uploads\/2024\/03\/ValleedePoupet_StMaloduBois_9-1-300x200.jpg 300w, https:\/\/ben-et-nad.com\/wp-content\/uploads\/2024\/03\/ValleedePoupet_StMaloduBois_9-1-768x512.jpg 768w, https:\/\/ben-et-nad.com\/wp-content\/uploads\/2024\/03\/ValleedePoupet_StMaloduBois_9-1-500x334.jpg 500w, https:\/\/ben-et-nad.com\/wp-content\/uploads\/2024\/03\/ValleedePoupet_StMaloduBois_9-1-800x534.jpg 800w\" sizes=\"auto, (max-width: 1000px) 100vw, 1000px\" \/><\/span><\/figure><\/div>\n<\/div>\n\n\n\n<div class=\"wp-block-column is-layout-flow wp-block-column-is-layout-flow\" style=\"flex-basis:33.62%\" data-block-type=\"core\">\n<div class=\"wp-block-stackable-image stk-block-image stk-block stk-b7a6d0b stk-entrance\" data-block-id=\"b7a6d0b\"><style>.stk-b7a6d0b{box-shadow:15px 25px 58px 0px rgba(0,0,0,0.5) !important;--entrance-transform:translateX(200px) !important}.stk-b7a6d0b .stk-img-wrapper{width:100% !important;height:480px !important}.stk-b7a6d0b .stk-img-wrapper img{object-position:50% 76% !important}<\/style><figure><span class=\"stk-img-wrapper stk-image--shape-stretch\"><img loading=\"lazy\" decoding=\"async\" class=\"stk-img wp-image-718\" src=\"https:\/\/ben-et-nad.com\/wp-content\/uploads\/2024\/03\/SevreNantaisedansleBocage4.jpg\" width=\"667\" height=\"1000\" alt=\"Besichtigung der Stadt Ambialet in der N\u00e4he des Campingplatzes\" srcset=\"https:\/\/ben-et-nad.com\/wp-content\/uploads\/2024\/03\/SevreNantaisedansleBocage4.jpg 667w, https:\/\/ben-et-nad.com\/wp-content\/uploads\/2024\/03\/SevreNantaisedansleBocage4-200x300.jpg 200w, https:\/\/ben-et-nad.com\/wp-content\/uploads\/2024\/03\/SevreNantaisedansleBocage4-500x750.jpg 500w\" sizes=\"auto, (max-width: 667px) 100vw, 667px\" \/><\/span><\/figure><\/div>\n<\/div>\n<\/div>\n\n\n\n<div class=\"wp-block-stackable-feature alignfull stk-block-feature stk-block stk-228b298 stk-block-background is-style-default\" data-v=\"2\" data-block-id=\"228b298\"><style>.stk-228b298{background-color:var(--stk-global-color-48255,#272b48) !important;margin-top:70px !important}.stk-228b298:before{background-color:var(--stk-global-color-48255,#272b48) !important}<\/style><div class=\"stk-content-align stk-228b298-column alignwide stk-container stk-228b298-container stk--no-background stk--no-padding\"><div class=\"stk-inner-blocks stk-block-content stk-row\">\n<div class=\"wp-block-stackable-column stk-block-column stk-column stk-block stk-f9a15cf\" data-v=\"4\" data-block-id=\"f9a15cf\"><style>.stk-f9a15cf{align-self:center !important}<\/style><div class=\"stk-column-wrapper stk-block-column__content stk-container stk-f9a15cf-container stk--no-background stk--no-padding\"><div class=\"stk-block-content stk-inner-blocks stk-f9a15cf-inner-blocks\">\n<div class=\"wp-block-stackable-heading stk-block-heading stk-block-heading--v2 stk-block stk-674340c stk-entrance\" id=\"premiere-journee\" data-block-id=\"674340c\"><style>.stk-674340c .stk-block-heading__text{color:#FFFFFF !important;font-family:\"Bowlby One SC\",Sans-serif !important}.stk-674340c{--entrance-transform:translateX(-150px) !important}<\/style><h2 class=\"stk-block-heading__text has-text-color has-white-color\">Erster Tag<\/h2><\/div>\n\n\n\n<p class=\"has-base-2-color has-text-color has-link-color wp-elements-630811a89b9ee2a347e8709cc75a9f4e\" data-block-type=\"core\">Um das Beste aus Ihrem Tag zu machen, sollten Sie sich gut ausr\u00fcsten.<br>Wir empfehlen Ihnen, Kleidung zu tragen, in der Sie sich wohlf\u00fchlen.<br>Entscheiden Sie sich f\u00fcr ein gutes Paar Turnschuhe.<br>Vergessen Sie Ihre M\u00fctze und Ihre Sonnenbrille nicht!<\/p>\n\n\n\n<p class=\"has-base-2-color has-text-color has-link-color wp-elements-e456e05ff1b7ac1454b0fb51073ca699\" data-block-type=\"core\">Planen Sie au\u00dferdem ein hochwertiges <a href=\"https:\/\/ben-et-nad.com\/de\/die-staerken-waehrend-ihres-aufenthalts-bei-uns\/#pique-nique\">Picknick<\/a> ein. Wenn Ihnen die Zeit f\u00fcr die Vorbereitung fehlt, k\u00f6nnen Sie sich darauf verlassen, dass Ben &amp; Nad es Ihnen vor Ihrer Abreise liefern.  <br><em>Es ist ratsam, Ihr Picknick mindestens 24 Stunden im Voraus zu buchen.<\/em><\/p>\n\n\n\n<p class=\"has-base-2-color has-text-color has-link-color wp-elements-6de59ac8a62e21d37d8e0c19c5c5b0e3\" data-block-type=\"core\">Was gibt es Sch\u00f6neres, als in Ruhe in seinem Ferienhaus aufzuwachen, die Fensterl\u00e4den zu \u00f6ffnen, den Pool zu erblicken und als Bonus ein k\u00f6stliches Fr\u00fchst\u00fcck zu genie\u00dfen, das auf Sie wartet?<br>Ben &amp; Nad bieten Ihnen zwei Fr\u00fchst\u00fccksvarianten an ( <a href=\"https:\/\/ben-et-nad.com\/de\/die-staerken-waehrend-ihres-aufenthalts-bei-uns\/#petit-dejeuner\">hier<\/a> entdecken).<br>Nehmen Sie sich die Zeit, Ihr Geb\u00e4ck und frisches Brot zu genie\u00dfen, bevor Sie sich auf ein Abenteuer begeben.<br><em>Denken Sie an eine Reservierung.<\/em><\/p>\n\n\n\n<p class=\"has-base-2-color has-text-color has-link-color wp-elements-d0460a176c652a4d7d11c08c73dc9e21\" data-block-type=\"core\">F\u00fcr diesen ersten Morgen empfehlen wir Ihnen, <a href=\"https:\/\/ben-et-nad.com\/de\/die-staerken-waehrend-ihres-aufenthalts-bei-uns\/#location-velos\">Fahrr\u00e4der<\/a> in der Unterkunft zu <a href=\"https:\/\/ben-et-nad.com\/de\/die-staerken-waehrend-ihres-aufenthalts-bei-uns\/#location-velos\">reservieren<\/a>. Es stehen Ihnen zwei Elektrofahrr\u00e4der zur Verf\u00fcgung, damit Sie m\u00fchelos alles erkunden und Ihre Fahrt in vollen Z\u00fcgen genie\u00dfen k\u00f6nnen.<\/p>\n<\/div><\/div><\/div>\n\n\n\n<div class=\"wp-block-stackable-column stk-block-column stk-column stk-block stk-5561492\" data-v=\"4\" data-block-id=\"5561492\"><style>.stk-5561492{align-self:center !important}<\/style><div class=\"stk-column-wrapper stk-block-column__content stk-container stk-5561492-container stk--no-background stk--no-padding\"><div class=\"stk-block-content stk-inner-blocks stk-5561492-inner-blocks\">\n<div class=\"wp-block-stackable-image stk-block-image stk-block stk-e110ee0 stk-entrance\" data-block-id=\"e110ee0\"><style>.stk-e110ee0{margin-top:-80px !important;--entrance-transform:translateX(200px) !important}.stk-e110ee0 .stk-img-wrapper{width:100% !important;height:700px !important}<\/style><figure><span class=\"stk-img-wrapper stk-image--shape-stretch\"><img loading=\"lazy\" decoding=\"async\" class=\"stk-img wp-image-151\" src=\"https:\/\/ben-et-nad.com\/wp-content\/uploads\/2024\/02\/Image5.jpg\" width=\"1005\" height=\"753\" alt=\"Fr\u00fchst\u00fcck im Gite\" srcset=\"https:\/\/ben-et-nad.com\/wp-content\/uploads\/2024\/02\/Image5.jpg 1005w, https:\/\/ben-et-nad.com\/wp-content\/uploads\/2024\/02\/Image5-300x225.jpg 300w, https:\/\/ben-et-nad.com\/wp-content\/uploads\/2024\/02\/Image5-768x575.jpg 768w, https:\/\/ben-et-nad.com\/wp-content\/uploads\/2024\/02\/Image5-500x375.jpg 500w, https:\/\/ben-et-nad.com\/wp-content\/uploads\/2024\/02\/Image5-800x599.jpg 800w\" sizes=\"auto, (max-width: 1005px) 100vw, 1005px\" \/><\/span><\/figure><\/div>\n<\/div><\/div><\/div>\n<\/div><\/div><\/div>\n\n\n\n<div class=\"wp-block-stackable-feature alignfull stk-block-feature stk-block stk-890f92e stk-block-background is-style-default\" data-v=\"2\" data-block-id=\"890f92e\"><style>.stk-890f92e{background-color:var(--stk-global-color-48255,#272b48) !important;margin-top:70px !important}.stk-890f92e:before{background-color:var(--stk-global-color-48255,#272b48) !important}<\/style><div class=\"stk-content-align stk-890f92e-column alignwide stk-container stk-890f92e-container stk--no-background stk--no-padding\"><div class=\"stk-inner-blocks stk-block-content stk-row\">\n<div class=\"wp-block-stackable-column stk-block-column stk-column stk-block stk-9c2336e\" data-v=\"4\" data-block-id=\"9c2336e\"><style>.stk-9c2336e{align-self:center !important}<\/style><div class=\"stk-column-wrapper stk-block-column__content stk-container stk-9c2336e-container stk--no-background stk--no-padding\"><div class=\"stk-block-content stk-inner-blocks stk-9c2336e-inner-blocks\">\n<div class=\"wp-block-stackable-image stk-block-image stk-block stk-8cbc130 stk-entrance\" data-block-id=\"8cbc130\"><style>.stk-8cbc130{margin-top:-80px !important;--entrance-transform:translateX(-200px) !important}.stk-8cbc130 .stk-img-wrapper{width:100% !important;height:788px !important}<\/style><figure><span class=\"stk-img-wrapper stk-image--shape-stretch\"><img loading=\"lazy\" decoding=\"async\" class=\"stk-img wp-image-472\" src=\"https:\/\/ben-et-nad.com\/wp-content\/uploads\/2024\/03\/ValleedePoupet_StMaloduBois_78.jpg\" width=\"1000\" height=\"667\" alt=\"Fr\u00fchst\u00fcck im Gite\" srcset=\"https:\/\/ben-et-nad.com\/wp-content\/uploads\/2024\/03\/ValleedePoupet_StMaloduBois_78.jpg 1000w, https:\/\/ben-et-nad.com\/wp-content\/uploads\/2024\/03\/ValleedePoupet_StMaloduBois_78-300x200.jpg 300w, https:\/\/ben-et-nad.com\/wp-content\/uploads\/2024\/03\/ValleedePoupet_StMaloduBois_78-768x512.jpg 768w, https:\/\/ben-et-nad.com\/wp-content\/uploads\/2024\/03\/ValleedePoupet_StMaloduBois_78-500x334.jpg 500w, https:\/\/ben-et-nad.com\/wp-content\/uploads\/2024\/03\/ValleedePoupet_StMaloduBois_78-800x534.jpg 800w\" sizes=\"auto, (max-width: 1000px) 100vw, 1000px\" \/><\/span><\/figure><\/div>\n<\/div><\/div><\/div>\n\n\n\n<div class=\"wp-block-stackable-column stk-block-column stk-column stk-block stk-907e897\" data-v=\"4\" data-block-id=\"907e897\"><style>.stk-907e897{align-self:center !important}<\/style><div class=\"stk-column-wrapper stk-block-column__content stk-container stk-907e897-container stk--no-background stk--no-padding\"><div class=\"stk-block-content stk-inner-blocks stk-907e897-inner-blocks\">\n<div class=\"wp-block-stackable-heading stk-block-heading stk-block-heading--v2 stk-block stk-f6bdcd0 stk-entrance\" id=\"cap-vers-les-bords-de-sevre\" data-block-id=\"f6bdcd0\"><style>.stk-f6bdcd0 .stk-block-heading__text{color:#FFFFFF !important;font-family:\"Bowlby One SC\",Sans-serif !important}.stk-f6bdcd0{--entrance-transform:translateX(200px) !important}<\/style><h2 class=\"stk-block-heading__text has-text-color has-white-color\">Kurs auf die Ufer des Flusses S\u00e8vre.<\/h2><\/div>\n\n\n\n<p class=\"has-base-2-color has-text-color has-link-color wp-elements-3b96bff79b14b197cf34dd6109817de8\" data-block-type=\"core\">Sie haben das Gl\u00fcck, sich in unmittelbarer N\u00e4he zu pr\u00e4chtigen Landschaften zu befinden.<br>Sie brauchen nicht mit dem Auto zu fahren, sondern k\u00f6nnen sich direkt auf Ihre Fahrr\u00e4der schwingen, um diesen Rundweg zu absolvieren.<\/p>\n\n\n\n<p class=\"has-base-2-color has-text-color has-link-color wp-elements-86bc2ff621d9b99facf3751c3cae80d6\" data-block-type=\"core\">Schwierigkeitsgrad: Mittel<br>Entfernung: 16,70 km<br>Start: Saint Aubin des Ormeaux<br><a href=\"https:\/\/ben-et-nad.com\/wp-content\/uploads\/2024\/03\/visorando-boucle-de-saint-aubin-des-ormeaux-a-mort.pdf\" target=\"_blank\" rel=\"noreferrer noopener\">Download der Tour<\/a><\/p>\n\n\n\n<p class=\"has-base-2-color has-text-color has-link-color wp-elements-6af5a608f5323da868af8345552cf178\" data-block-type=\"core\">Begeben Sie sich auf eine einzigartige Fahrradtour und genie\u00dfen Sie dabei das sanfte Pl\u00e4tschern des Wassers, das durch sein Bett rinnt.<br>Auf dem R\u00fcckweg zwischen Mortagne sur S\u00e8vre und Saint Aubin des Ormeaux finden Sie <strong>h\u00fcbsche schattige Pl\u00e4tzchen am Ufer der S\u00e8vre<\/strong>, wo Sie Ihr Handtuch ablegen und das von den Besitzern des Ferienhauses sorgf\u00e4ltig zubereitete Picknick genie\u00dfen k\u00f6nnen. Genie\u00dfen Sie diesen einzigartigen Moment in dieser privilegierten Umgebung.<\/p>\n\n\n\n<p class=\"has-base-2-color has-text-color has-link-color wp-elements-988ff56071d9a7b052b547be51d59f9d\" data-block-type=\"core\">Nehmen Sie sich die Zeit, in Ihrem eigenen Tempo zu radeln. Mit wehendem Haar und einer sanften Brise, die Ihr Gesicht streichelt, werden Sie sp\u00fcren, wie ein Gef\u00fchl des Wohlbefindens Sie \u00fcberkommt.<\/p>\n\n\n\n<p class=\"has-base-2-color has-text-color has-link-color wp-elements-5741bb389f27a871d92396c2b43027b6\" data-block-type=\"core\">Abends bieten Ihnen die Besitzer eine <a href=\"https:\/\/ben-et-nad.com\/de\/downloads\/\" data-type=\"page\" data-id=\"259\">Formel Plancha\/Grill<\/a> oder <a href=\"https:\/\/ben-et-nad.com\/de\/downloads\/\" data-type=\"page\" data-id=\"259\">Formel Wurst-\/K\u00e4sebrett<\/a> (nur samstags) an.<br>Genie\u00dfen Sie auf unserer Gartenterrasse die k\u00f6stliche Platte, die von den Eigent\u00fcmern mit Sorgfalt zubereitet wird.<br>Dies ist der perfekte Zeitpunkt, um sich an Ihre Wanderung und die erhabenen Landschaften, die Sie entdeckt haben, zu erinnern.<\/p>\n<\/div><\/div><\/div>\n<\/div><\/div><\/div>\n\n\n\n<div class=\"wp-block-stackable-feature alignfull stk-block-feature stk-block stk-f6c05f1 stk-block-background is-style-default\" data-v=\"2\" data-block-id=\"f6c05f1\"><style>.stk-f6c05f1{background-color:var(--stk-global-color-48255,#272b48) !important;margin-top:70px !important}.stk-f6c05f1:before{background-color:var(--stk-global-color-48255,#272b48) !important}<\/style><div class=\"stk-content-align stk-f6c05f1-column alignwide stk-container stk-f6c05f1-container stk--no-background stk--no-padding\"><div class=\"stk-inner-blocks stk-block-content stk-row\">\n<div class=\"wp-block-stackable-column stk-block-column stk-column stk-block stk-c6d18d3\" data-v=\"4\" data-block-id=\"c6d18d3\"><style>.stk-c6d18d3{align-self:center !important}<\/style><div class=\"stk-column-wrapper stk-block-column__content stk-container stk-c6d18d3-container stk--no-background stk--no-padding\"><div class=\"stk-block-content stk-inner-blocks stk-c6d18d3-inner-blocks\">\n<div class=\"wp-block-stackable-heading stk-block-heading stk-block-heading--v2 stk-block stk-71cfbec stk-entrance\" id=\"deuxieme-journee\" data-block-id=\"71cfbec\"><style>.stk-71cfbec .stk-block-heading__text{color:#FFFFFF !important;font-family:\"Bowlby One SC\",Sans-serif !important}.stk-71cfbec{--entrance-transform:translateX(-150px) !important}<\/style><h2 class=\"stk-block-heading__text has-text-color has-white-color\">Zweiter Tag<\/h2><\/div>\n\n\n\n<p class=\"has-base-2-color has-text-color has-link-color wp-elements-0ff29782522da34240beeb24d7d2c956\" data-block-type=\"core\">Nach einer erfrischenden Nacht in unseren G\u00e4stezimmern oder im Ferienhaus Ben &amp; Nad ist es Zeit, Ihren zweiten Tag in der Vend\u00e9e in Angriff zu nehmen.<br>Tag in Folge k\u00f6nnen Sie das von den Eigent\u00fcmern angebotene <a href=\"https:\/\/ben-et-nad.com\/de\/die-staerken-waehrend-ihres-aufenthalts-bei-uns\/#petit-dejeuner\">Fr\u00fchst\u00fcck<\/a> genie\u00dfen.<br>Ihre Beine haben gestern genug gegeben, f\u00fcr diesen Morgen werden wir auf die Kraft in Ihren Armen zur\u00fcckgreifen.<\/p>\n\n\n\n<p class=\"has-base-2-color has-text-color has-link-color wp-elements-e1e041ee0e6bddd66ac0e90913170858\" data-block-type=\"core\">Neben Elektrofahrr\u00e4dern bieten Ihnen die Eigent\u00fcmer auch die M\u00f6glichkeit, <a href=\"https:\/\/ben-et-nad.com\/de\/die-staerken-waehrend-ihres-aufenthalts-bei-uns\/#location-velos\">ein aufblasbares Kanu zu mieten<\/a>.<br>Auch f\u00fcr diesen halben Tag ben\u00f6tigen Sie gutes Schuhwerk.<br>Sie werden einen Gro\u00dfteil des Tages im Freien verbringen, denken Sie also an eine Sonnenbrille und einen Hut.<\/p>\n<\/div><\/div><\/div>\n\n\n\n<div class=\"wp-block-stackable-column stk-block-column stk-column stk-block stk-d2496c2\" data-v=\"4\" data-block-id=\"d2496c2\"><style>.stk-d2496c2{align-self:center !important}<\/style><div class=\"stk-column-wrapper stk-block-column__content stk-container stk-d2496c2-container stk--no-background stk--no-padding\"><div class=\"stk-block-content stk-inner-blocks stk-d2496c2-inner-blocks\">\n<div class=\"wp-block-stackable-image stk-block-image stk-block stk-0e73e7e stk-entrance\" data-block-id=\"0e73e7e\"><style>.stk-0e73e7e{margin-top:-80px !important;--entrance-transform:translateX(200px) !important}.stk-0e73e7e .stk-img-wrapper{width:100% !important;height:469px !important}<\/style><figure><span class=\"stk-img-wrapper stk-image--shape-stretch\"><img loading=\"lazy\" decoding=\"async\" class=\"stk-img wp-image-473\" src=\"https:\/\/ben-et-nad.com\/wp-content\/uploads\/2024\/03\/ValleedePoupet_StMaloduBois_7.jpg\" width=\"1000\" height=\"750\" alt=\"Fr\u00fchst\u00fcck im Gite\" srcset=\"https:\/\/ben-et-nad.com\/wp-content\/uploads\/2024\/03\/ValleedePoupet_StMaloduBois_7.jpg 1000w, https:\/\/ben-et-nad.com\/wp-content\/uploads\/2024\/03\/ValleedePoupet_StMaloduBois_7-300x225.jpg 300w, https:\/\/ben-et-nad.com\/wp-content\/uploads\/2024\/03\/ValleedePoupet_StMaloduBois_7-768x576.jpg 768w, https:\/\/ben-et-nad.com\/wp-content\/uploads\/2024\/03\/ValleedePoupet_StMaloduBois_7-500x375.jpg 500w, https:\/\/ben-et-nad.com\/wp-content\/uploads\/2024\/03\/ValleedePoupet_StMaloduBois_7-800x600.jpg 800w\" sizes=\"auto, (max-width: 1000px) 100vw, 1000px\" \/><\/span><\/figure><\/div>\n<\/div><\/div><\/div>\n<\/div><\/div><\/div>\n\n\n\n<div class=\"wp-block-stackable-feature alignfull stk-block-feature stk-block stk-1d62864 stk-block-background is-style-default\" data-v=\"2\" data-block-id=\"1d62864\"><style>.stk-1d62864{background-color:var(--stk-global-color-48255,#272b48) !important;margin-top:70px !important}.stk-1d62864:before{background-color:var(--stk-global-color-48255,#272b48) !important}<\/style><div class=\"stk-content-align stk-1d62864-column alignwide stk-container stk-1d62864-container stk--no-background stk--no-padding\"><div class=\"stk-inner-blocks stk-block-content stk-row\">\n<div class=\"wp-block-stackable-column stk-block-column stk-column stk-block stk-4cc71d7\" data-v=\"4\" data-block-id=\"4cc71d7\"><style>.stk-4cc71d7{align-self:center !important}<\/style><div class=\"stk-column-wrapper stk-block-column__content stk-container stk-4cc71d7-container stk--no-background stk--no-padding\"><div class=\"stk-block-content stk-inner-blocks stk-4cc71d7-inner-blocks\">\n<div class=\"wp-block-stackable-image stk-block-image stk-block stk-bf39d5b stk-entrance\" data-block-id=\"bf39d5b\"><style>.stk-bf39d5b{margin-top:-80px !important;--entrance-transform:translateX(200px) !important}.stk-bf39d5b .stk-img-wrapper{width:100% !important;height:611px !important}.stk-bf39d5b .stk-img-wrapper img{object-position:31% 59% !important}<\/style><figure><span class=\"stk-img-wrapper stk-image--shape-stretch\"><img loading=\"lazy\" decoding=\"async\" class=\"stk-img wp-image-720\" src=\"https:\/\/ben-et-nad.com\/wp-content\/uploads\/2024\/03\/Mallievre4.jpg\" width=\"1000\" height=\"667\" alt=\"Fr\u00fchst\u00fcck im Gite\" srcset=\"https:\/\/ben-et-nad.com\/wp-content\/uploads\/2024\/03\/Mallievre4.jpg 1000w, https:\/\/ben-et-nad.com\/wp-content\/uploads\/2024\/03\/Mallievre4-300x200.jpg 300w, https:\/\/ben-et-nad.com\/wp-content\/uploads\/2024\/03\/Mallievre4-768x512.jpg 768w, https:\/\/ben-et-nad.com\/wp-content\/uploads\/2024\/03\/Mallievre4-500x334.jpg 500w, https:\/\/ben-et-nad.com\/wp-content\/uploads\/2024\/03\/Mallievre4-800x534.jpg 800w\" sizes=\"auto, (max-width: 1000px) 100vw, 1000px\" \/><\/span><\/figure><\/div>\n<\/div><\/div><\/div>\n\n\n\n<div class=\"wp-block-stackable-column stk-block-column stk-column stk-block stk-8c68860\" data-v=\"4\" data-block-id=\"8c68860\"><style>.stk-8c68860{align-self:center !important}<\/style><div class=\"stk-column-wrapper stk-block-column__content stk-container stk-8c68860-container stk--no-background stk--no-padding\"><div class=\"stk-block-content stk-inner-blocks stk-8c68860-inner-blocks\">\n<p class=\"has-base-2-color has-text-color has-link-color wp-elements-221cb71c67f21394e6dca3d7b1d37c89\" data-block-type=\"core\">Richtung <strong>La Vall\u00e9e de Poupet<\/strong>, eine wahre Oase der Ruhe f\u00fcr Naturliebhaber.<br>Sie ben\u00f6tigen etwa 20 Minuten mit dem Auto, um dorthin zu gelangen.<\/p>\n\n\n\n<p class=\"has-base-2-color has-text-color has-link-color wp-elements-db557e82b6a468b492aec463b140867f\" data-block-type=\"core\">Los geht&#8217;s, fahren Sie friedlich auf dem Fluss und bewundern Sie die Tier- und Pflanzenwelt. Die schillernden Reflexionen der Sonne im Wasser verleihen diesem unvergesslichen Erlebnis einen Hauch von Magie.<\/p>\n\n\n\n<p class=\"has-base-2-color has-text-color has-link-color wp-elements-edf1651ed815a9d9bfe6542df8cf7d34\" data-block-type=\"core\">F\u00fcr die Mittagspause empfehlen wir Ihnen, an einem der Ufer entlang des Flusses Halt zu machen. Machen Sie es sich bequem, holen Sie Ihren Picknickkorb heraus und genie\u00dfen Sie eine Mahlzeit im Freien, w\u00e4hrend das Wasser an Ihrer Seite beruhigend klingt.<br>Auch hier k\u00f6nnen Sie die von den Eigent\u00fcmern der Unterkunft angebotenen Picknicks genie\u00dfen.<br>Wenn Sie sich ges\u00e4ttigt haben, setzen Sie Ihre Kanutour fort.<\/p>\n\n\n\n<p class=\"has-base-2-color has-text-color has-link-color wp-elements-9beff60ce06767a18d4ad9b5599653d7\" data-block-type=\"core\">Nach Ihrer Kanutour schlagen wir Ihnen einen kleinen Spaziergang vor, um das <strong>Dorf Malli\u00e8vre<\/strong> zu erkunden.<br>Zwei Kilometer lang geht es am Fluss S\u00e8vre entlang bis zu dieser charmanten Kleinstadt mit Charakter.<br>Obwohl Malli\u00e8vre die kleinste Gemeinde der Vend\u00e9e ist, steckt sie voller Charme und Geschichte.<\/p>\n<\/div><\/div><\/div>\n<\/div><\/div><\/div>\n\n\n\n<p class=\"has-text-align-center\" data-block-type=\"core\">Die zwei Tage in der Bocage Vend\u00e9en enden hier.  <br>Wir w\u00fcrden uns freuen, von Ihnen zu h\u00f6ren, wie Sie Ihren Aufenthalt in unserem Ferienhaus und unserer wundersch\u00f6nen Region empfunden haben.<\/p>\n","protected":false},"excerpt":{"rendered":"<p>Entdeckung der Bocage Vend\u00e9en Dauer: 2 Tage Wir laden Sie ein, bei diesem Erlebnis die bezaubernde Bocage Vend\u00e9en zu erkunden. Wenn Sie auf der Suche nach ausgetretenen Pfaden sind und ungew\u00f6hnliche Orte entdecken m\u00f6chten, ist dieses Abenteuer genau das Richtige f\u00fcr Sie. Sind Sie hungrig nach neuen Erfahrungen? Dann lassen Sie sich f\u00fchren! Wenn Sie [&hellip;]<\/p>\n","protected":false},"author":1,"featured_media":1096,"parent":1095,"menu_order":0,"comment_status":"closed","ping_status":"closed","template":"","meta":{"_acf_changed":false,"_seopress_robots_primary_cat":"","_seopress_titles_title":"Entdeckung der Bocage Vend\u00e9en - Ferienhaus im Herzen der Vend\u00e9e","_seopress_titles_desc":"W\u00e4hrend Ihres Aufenthalts in unserem Ferienhaus k\u00f6nnen Sie auf Entdeckungsreise gehen und unser Kulturerbe kennenlernen. Atemberaubende Landschaften am Ufer des Flusses S\u00e8vre.  ","_seopress_robots_index":"","_vp_format_video_url":"","_vp_image_focal_point":[],"footnotes":""},"class_list":["post-1102","page","type-page","status-publish","has-post-thumbnail","hentry"],"acf":[],"_links":{"self":[{"href":"https:\/\/ben-et-nad.com\/de\/wp-json\/wp\/v2\/pages\/1102","targetHints":{"allow":["GET"]}}],"collection":[{"href":"https:\/\/ben-et-nad.com\/de\/wp-json\/wp\/v2\/pages"}],"about":[{"href":"https:\/\/ben-et-nad.com\/de\/wp-json\/wp\/v2\/types\/page"}],"author":[{"embeddable":true,"href":"https:\/\/ben-et-nad.com\/de\/wp-json\/wp\/v2\/users\/1"}],"replies":[{"embeddable":true,"href":"https:\/\/ben-et-nad.com\/de\/wp-json\/wp\/v2\/comments?post=1102"}],"version-history":[{"count":2,"href":"https:\/\/ben-et-nad.com\/de\/wp-json\/wp\/v2\/pages\/1102\/revisions"}],"predecessor-version":[{"id":1265,"href":"https:\/\/ben-et-nad.com\/de\/wp-json\/wp\/v2\/pages\/1102\/revisions\/1265"}],"up":[{"embeddable":true,"href":"https:\/\/ben-et-nad.com\/de\/wp-json\/wp\/v2\/pages\/1095"}],"wp:featuredmedia":[{"embeddable":true,"href":"https:\/\/ben-et-nad.com\/de\/wp-json\/wp\/v2\/media\/1096"}],"wp:attachment":[{"href":"https:\/\/ben-et-nad.com\/de\/wp-json\/wp\/v2\/media?parent=1102"}],"curies":[{"name":"wp","href":"https:\/\/api.w.org\/{rel}","templated":true}]}}