{"id":1087,"date":"2024-02-28T13:10:40","date_gmt":"2024-02-28T13:10:40","guid":{"rendered":"https:\/\/ben-et-nad.com\/gruppenangebot\/"},"modified":"2024-03-20T14:05:46","modified_gmt":"2024-03-20T14:05:46","slug":"gruppenangebot","status":"publish","type":"page","link":"https:\/\/ben-et-nad.com\/de\/gruppenangebot\/","title":{"rendered":"Gruppenangebot"},"content":{"rendered":"\n<div class=\"wp-block-columns alignwide are-vertically-aligned-center is-layout-flex wp-container-core-columns-is-layout-520da481 wp-block-columns-is-layout-flex\" style=\"margin-bottom:0;padding-top:var(--wp--preset--spacing--40);padding-bottom:var(--wp--preset--spacing--40)\" data-block-type=\"core\">\n<div class=\"wp-block-column is-vertically-aligned-center is-layout-flow wp-block-column-is-layout-flow\" style=\"flex-basis:33.38%\" data-block-type=\"core\">\n<p data-block-type=\"core\">Sie sind eine Gruppe von Freunden oder eine gro\u00dfe Familie (max. 10 Erwachsene + 2 Kinder), dann haben Sie die M\u00f6glichkeit, <strong>die Bereiche &#8222;Ferienwohnung&#8220; und &#8220; <a href=\"https:\/\/ben-et-nad.com\/de\/die-gaestezimmer\/\" data-type=\"page\" data-id=\"209\">G\u00e4stezimmer<\/a><\/strong>&#8220; <strong>parallel zu buchen<\/strong>.<\/p>\n\n\n\n<p data-block-type=\"core\">Sie erhalten dann einen <strong>\n  <a href=\"https:\/\/ben-et-nad.com\/wp-content\/uploads\/2024\/03\/TARIFS-2024-OFFRE-GROUPE-BEN-ET-NAD.pdf\" target=\"_blank\" rel=\"noreferrer noopener\">Vorzugspreis<\/a>\n<\/strong>Die Preise richten sich nach dem Zeitraum und der Dauer Ihres Aufenthalts.<\/p>\n\n\n\n<p data-block-type=\"core\">Nat\u00fcrlich k\u00f6nnen Sie auch einen angenehmen Moment am Pool genie\u00dfen (zu den in der Hausordnung festgelegten Zeiten).<\/p>\n\n\n\n<p data-block-type=\"core\">F\u00fcr noch mehr Spa\u00df und Entspannung k\u00f6nnen Sie nat\u00fcrlich auch eine oder mehrere <a href=\"https:\/\/ben-et-nad.com\/de\/die-staerken-waehrend-ihres-aufenthalts-bei-uns\/\" data-type=\"page\" data-id=\"148\">unserer Leistungen<\/a> w\u00e4hlen (Picknick, Table d&#8217;h\u00f4tes, Verkostungsworkshop&#8230;).<\/p>\n<\/div>\n\n\n\n<div class=\"wp-block-column is-vertically-aligned-center is-layout-flow wp-block-column-is-layout-flow\" style=\"flex-basis:33%\" data-block-type=\"core\">\n<div style=\"height:2vw\" aria-hidden=\"true\" class=\"wp-block-spacer\" data-block-type=\"core\"><\/div>\n\n\n\n<div class=\"wp-block-stackable-image stk-block-image has-text-align-left stk-block stk-b55591f\" data-block-id=\"b55591f\"><style>.stk-b55591f{border-top-left-radius:0px !important;border-top-right-radius:0px !important;border-bottom-right-radius:0px !important;border-bottom-left-radius:0px !important;overflow:hidden !important;box-shadow:15px 25px 58px 0px rgba(0,0,0,0.5) !important}.stk-b55591f .stk-img-wrapper{width:100% !important;height:500px !important}.stk-b55591f .stk-img-wrapper img{border-radius:0px !important}<\/style><figure><span class=\"stk-img-wrapper stk-image--shape-stretch\"><img loading=\"lazy\" decoding=\"async\" class=\"stk-img wp-image-176\" src=\"https:\/\/ben-et-nad.com\/wp-content\/uploads\/2024\/02\/PISCINE.jpg\" width=\"1000\" height=\"750\" alt=\"swimmingpool des ferienhauses in der vend\u00e9e\" srcset=\"https:\/\/ben-et-nad.com\/wp-content\/uploads\/2024\/02\/PISCINE.jpg 1000w, https:\/\/ben-et-nad.com\/wp-content\/uploads\/2024\/02\/PISCINE-300x225.jpg 300w, https:\/\/ben-et-nad.com\/wp-content\/uploads\/2024\/02\/PISCINE-768x576.jpg 768w, https:\/\/ben-et-nad.com\/wp-content\/uploads\/2024\/02\/PISCINE-500x375.jpg 500w, https:\/\/ben-et-nad.com\/wp-content\/uploads\/2024\/02\/PISCINE-800x600.jpg 800w\" sizes=\"auto, (max-width: 1000px) 100vw, 1000px\" \/><\/span><\/figure><\/div>\n<\/div>\n\n\n\n<div class=\"wp-block-column is-layout-flow wp-block-column-is-layout-flow\" style=\"flex-basis:33.62%\" data-block-type=\"core\">\n<div class=\"wp-block-stackable-image stk-block-image stk-block stk-b7a6d0b\" data-block-id=\"b7a6d0b\"><style>.stk-b7a6d0b{box-shadow:15px 25px 58px 0px rgba(0,0,0,0.5) !important}.stk-b7a6d0b .stk-img-wrapper{width:100% !important;height:480px !important}.stk-b7a6d0b .stk-img-wrapper img{object-position:17% 53% !important}<\/style><figure><span class=\"stk-img-wrapper stk-image--shape-stretch\"><img loading=\"lazy\" decoding=\"async\" class=\"stk-img wp-image-281\" src=\"https:\/\/ben-et-nad.com\/wp-content\/uploads\/2024\/02\/ValleedePoupet_StMaloduBois_57-1.jpg\" width=\"1000\" height=\"667\" alt=\"Besichtigung der Stadt Ambialet in der N\u00e4he des Campingplatzes\" srcset=\"https:\/\/ben-et-nad.com\/wp-content\/uploads\/2024\/02\/ValleedePoupet_StMaloduBois_57-1.jpg 1000w, https:\/\/ben-et-nad.com\/wp-content\/uploads\/2024\/02\/ValleedePoupet_StMaloduBois_57-1-300x200.jpg 300w, https:\/\/ben-et-nad.com\/wp-content\/uploads\/2024\/02\/ValleedePoupet_StMaloduBois_57-1-768x512.jpg 768w, https:\/\/ben-et-nad.com\/wp-content\/uploads\/2024\/02\/ValleedePoupet_StMaloduBois_57-1-500x334.jpg 500w, https:\/\/ben-et-nad.com\/wp-content\/uploads\/2024\/02\/ValleedePoupet_StMaloduBois_57-1-800x534.jpg 800w\" sizes=\"auto, (max-width: 1000px) 100vw, 1000px\" \/><\/span><\/figure><\/div>\n<\/div>\n<\/div>\n","protected":false},"excerpt":{"rendered":"<p>Sie sind eine Gruppe von Freunden oder eine gro\u00dfe Familie (max. 10 Erwachsene + 2 Kinder), dann haben Sie die M\u00f6glichkeit, die Bereiche &#8222;Ferienwohnung&#8220; und &#8220; G\u00e4stezimmer&#8220; parallel zu buchen. Sie erhalten dann einen Vorzugspreis Die Preise richten sich nach dem Zeitraum und der Dauer Ihres Aufenthalts. Nat\u00fcrlich k\u00f6nnen Sie auch einen angenehmen Moment am [&hellip;]<\/p>\n","protected":false},"author":1,"featured_media":1080,"parent":0,"menu_order":0,"comment_status":"closed","ping_status":"closed","template":"","meta":{"_acf_changed":false,"_seopress_robots_primary_cat":"","_seopress_titles_title":"Gruppenangebot in der Vend\u00e9e | Ferienhaus Ben &amp; Nad","_seopress_titles_desc":"Profitieren Sie von unseren Gruppenangeboten in der Vend\u00e9e. Vermieten Sie unser Ferienhaus und unser G\u00e4stezimmer in der Vend\u00e9e. Sondertarif f\u00fcr Gruppen.  ","_seopress_robots_index":"","_vp_format_video_url":"","_vp_image_focal_point":[],"footnotes":""},"class_list":["post-1087","page","type-page","status-publish","has-post-thumbnail","hentry"],"acf":[],"_links":{"self":[{"href":"https:\/\/ben-et-nad.com\/de\/wp-json\/wp\/v2\/pages\/1087","targetHints":{"allow":["GET"]}}],"collection":[{"href":"https:\/\/ben-et-nad.com\/de\/wp-json\/wp\/v2\/pages"}],"about":[{"href":"https:\/\/ben-et-nad.com\/de\/wp-json\/wp\/v2\/types\/page"}],"author":[{"embeddable":true,"href":"https:\/\/ben-et-nad.com\/de\/wp-json\/wp\/v2\/users\/1"}],"replies":[{"embeddable":true,"href":"https:\/\/ben-et-nad.com\/de\/wp-json\/wp\/v2\/comments?post=1087"}],"version-history":[{"count":2,"href":"https:\/\/ben-et-nad.com\/de\/wp-json\/wp\/v2\/pages\/1087\/revisions"}],"predecessor-version":[{"id":1267,"href":"https:\/\/ben-et-nad.com\/de\/wp-json\/wp\/v2\/pages\/1087\/revisions\/1267"}],"wp:featuredmedia":[{"embeddable":true,"href":"https:\/\/ben-et-nad.com\/de\/wp-json\/wp\/v2\/media\/1080"}],"wp:attachment":[{"href":"https:\/\/ben-et-nad.com\/de\/wp-json\/wp\/v2\/media?parent=1087"}],"curies":[{"name":"wp","href":"https:\/\/api.w.org\/{rel}","templated":true}]}}